{"id":8228,"date":"2025-12-08T16:36:07","date_gmt":"2025-12-08T21:36:07","guid":{"rendered":"https:\/\/studiogriffintown.com\/?post_type=product&#038;p=8228"},"modified":"2026-02-13T10:17:25","modified_gmt":"2026-02-13T15:17:25","slug":"profoto-narrow-beam-travel-reflector-10","status":"publish","type":"product","link":"https:\/\/studiogriffintown.com\/en\/produit\/profoto-narrow-beam-travel-reflector-10\/","title":{"rendered":"Profoto Narrow Beam Travel Reflector 10&#8243;"},"content":{"rendered":"<ul>\n<li>\n<h6>Profoto Narrow Beam Travel Reflector 10&#8243;<\/h6>\n<\/li>\n<li>\n<h6 id=\"tw-target-text\" class=\"tw-data-text tw-text-large tw-ta\" dir=\"ltr\" tabindex=\"-1\" role=\"text\" data-placeholder=\"Traduction\" data-ved=\"2ahUKEwjDjtzukq6RAxWSE1kFHUfUIGwQ3ewLegQIDRAV\" aria-label=\"Texte traduit\u00a0: Il est presque aussi puissant mais plus l\u00e9ger et compact et cr\u00e9e un faisceau de lumi\u00e8re intense et focalis\u00e9 lorsqu'il est utilis\u00e9 avec une t\u00eate ProHead ou AcuteD4. Comme son nom l'indique, il a \u00e9t\u00e9 principalement con\u00e7u pour les photographes ayant besoin d'une solution portable et \u00e9conome en \u00e9nergie, capable de cr\u00e9er des reflets distincts sur place.\">It is almost as powerful but more lightweight and compact and creates an intense and focused beam of light when used with a ProHead or AcuteD4 Head. As the name suggests, it was primarily designed for photographers in need of a portable, power efficient solution capable of creating distinct highlights on location.<\/h6>\n<\/li>\n<li>\n<div id=\"tw-container\" class=\"nev7se\" data-cp=\"1\" data-nnttsvi=\"1\" data-sletp=\"false\" data-sm=\"1\" data-ssbp=\"false\" data-sugg-time=\"500\" data-sugg-url=\"https:\/\/clients1.google.com\/complete\/search\" data-uilc=\"fr\" data-vil=\",af,af-ZA,am,am-ET,ar-EG,ar-AE,ar-KW,ar-QA,ar,ar-IL,ar-JO,ar-LB,ar-PS,az,az-AZ,bg,bg-BG,bn,bn-BD,bn-IN,ca,ca-es,cs,cs-CZ,de,de-DE,de-CH,de-AT,de-LI,en,en-US,en-CA,en-AU,en-NZ,en-GB,en-IN,en-KE,en-TZ,en-NG,en-GH,en-PH,en-ZA,es,es-ES,es-AR,es-UY,es-419,es-BO,es-CL,es-CR,es-CO,es-DO,es-EC,es-GT,es-HN,es-NI,es-PA,es-PE,es-PR,es-PY,es-SV,es-VE,es-MX,es-US,eu,eu-ES,fi,fi-FI,fr,fr-FR,fr-CH,fr-BE,gl,gl-ES,gu,gu-IN,he,he-IL,iw,iw-IL,hu,hu-HU,hy,hy-AM,id,id-ID,is,is-IS,it,it-IT,it-CH,ja,ja-JP,jv,jv-ID,ka,ka-GE,km,km-KH,kn,kn-IN,ko,ko-KR,la,lo,lo-LA,lv,lv-LV,ml,ml-IN,mr,mr-IN,ms,ms-MY,nl,nl-NL,nb,nb-NO,ne,ne-NP,pl,pl-PL,pt,pt-BR,pt-PT,ro,ro-RO,ru,ru-RU,si-LK,sk,sk-SK,sr,sr-RS,su,su-ID,sv,sv-SE,sw,sw-TZ,sw-KE,ta,ta-IN,ta-SG,ta-LK,ta-MY,te,te-IN,tr,tr-TR,ur,ur-PK,ur-IN,yue,yue-HK,yue-Hant-HK,zh-HK,zh,zh-CN,zh-cmn,zh-cmn-CN,zh-Hans,zh-Hans-CN,zh-cmn-Hans,zh-cmn-Hans-CN,cmn-CN,cmn-Hans,cmn-Hans-CN,zh-TW,zh-Hant-TW,cmn-TW,cmn-Hant-TW,zh-cmn-TW,zh-cmn-Hant-TW,zu,zu-ZA,hi,hi-IN,tl,tl-PH,pa,pa-IN\">\n<div id=\"tw-ob\" class=\"tw-src-ltr\">\n<div class=\"oSioSc\">\n<div id=\"tw-target\">\n<div id=\"kAz1tf\" class=\"g9WsWb PZPZlf\" data-attrid=\"tw-targetArea\" data-entityname=\"Google Translate\">\n<div id=\"tw-target-text-container\" class=\"tw-ta-container tw-nfl\" tabindex=\"0\" role=\"text\">\n<div class=\"lg:w-1\/2 lg:pr-8xl\">\n<h6 class=\"text-base pt-3xl\">Many photographers use it to throw light over large distances or when they need as much power as possible. It provides an extreme hot spot and a dramatic light fall-off, which gives a striking effect. The NarrowBeam Travel Reflector is not recommended for Profoto flat fronted lights.<\/h6>\n<\/div>\n<\/div>\n<\/div>\n<\/div>\n<\/div>\n<\/div>\n<\/div>\n<\/li>\n<li>\n<h6 id=\"tw-target-text\" class=\"tw-data-text tw-text-large tw-ta\" dir=\"ltr\" tabindex=\"-1\" role=\"text\" data-placeholder=\"Traduction\" data-ved=\"2ahUKEwjDjtzukq6RAxWSE1kFHUfUIGwQ3ewLegQIDRAV\" aria-label=\"Texte traduit\u00a0: Diffusion de la lumi\u00e8re\u00a0: 22\u00b0 \u00e0 la position de zoom recommand\u00e9e 9 sur ProHead.\">Light spread: 22\u00b0 at recommended zoom position 9 on ProHead.<\/h6>\n<\/li>\n<li>\n<h6 id=\"tw-target-text\" class=\"tw-data-text tw-text-large tw-ta\" dir=\"ltr\" tabindex=\"-1\" role=\"text\" data-placeholder=\"Traduction\" data-ved=\"2ahUKEwj-mJqU9rCRAxU_ElkFHYtxHF0Q3ewLegQIDBAW\" aria-label=\"Texte traduit\u00a0: Not designed to accommodate a grid.\"><span class=\"Y2IQFc\" lang=\"en\">Not designed to accommodate a grid.<\/span><\/h6>\n<\/li>\n<li>\n<h6 id=\"tw-target-text\" class=\"tw-data-text tw-text-large tw-ta\" dir=\"ltr\" tabindex=\"-1\" role=\"text\" data-placeholder=\"Traduction\" data-ved=\"2ahUKEwjDjtzukq6RAxWSE1kFHUfUIGwQ3ewLegQIDRAV\" aria-label=\"Texte traduit\u00a0: Rendement lumineux maximum \u00e0 2 m avec 2\u00a0400 W \u00e0 ISO100\u00a0: f\/128,1 (sur ProHead).\">Max light output at 2 m with 2400Ws @ ISO100: f\/128.1 (on ProHead).<\/h6>\n<\/li>\n<\/ul>\n","protected":false},"excerpt":{"rendered":"<p>Profoto Narrow Beam Travel Reflector 10&#8243; It is almost as powerful but more lightweight and compact and creates an intense and focused beam of light when used with a ProHead or AcuteD4 Head. As the name suggests, it was primarily designed for photographers in need of a portable, power efficient solution capable of creating distinct [&hellip;]<\/p>\n","protected":false},"featured_media":8235,"template":"","meta":{"_acf_changed":false,"_genesis_hide_title":false,"_genesis_hide_breadcrumbs":false,"_genesis_hide_singular_image":false,"_genesis_hide_footer_widgets":false,"_genesis_custom_body_class":"","_genesis_custom_post_class":"","_genesis_layout":""},"product_cat":[127,137,132],"product_tag":[],"class_list":{"0":"post-8228","1":"product","2":"type-product","3":"status-publish","4":"has-post-thumbnail","6":"product_cat-lighting","7":"product_cat-reflectors","8":"product_cat-special-modifiers","9":"entry","11":"first","12":"instock","13":"shipping-taxable","14":"purchasable","15":"product-type-simple"},"acf":[],"_links":{"self":[{"href":"https:\/\/studiogriffintown.com\/en\/wp-json\/wp\/v2\/product\/8228"}],"collection":[{"href":"https:\/\/studiogriffintown.com\/en\/wp-json\/wp\/v2\/product"}],"about":[{"href":"https:\/\/studiogriffintown.com\/en\/wp-json\/wp\/v2\/types\/product"}],"wp:featuredmedia":[{"embeddable":true,"href":"https:\/\/studiogriffintown.com\/en\/wp-json\/wp\/v2\/media\/8235"}],"wp:attachment":[{"href":"https:\/\/studiogriffintown.com\/en\/wp-json\/wp\/v2\/media?parent=8228"}],"wp:term":[{"taxonomy":"product_cat","embeddable":true,"href":"https:\/\/studiogriffintown.com\/en\/wp-json\/wp\/v2\/product_cat?post=8228"},{"taxonomy":"product_tag","embeddable":true,"href":"https:\/\/studiogriffintown.com\/en\/wp-json\/wp\/v2\/product_tag?post=8228"}],"curies":[{"name":"wp","href":"https:\/\/api.w.org\/{rel}","templated":true}]}}