{"id":8046,"date":"2025-08-27T12:38:08","date_gmt":"2025-08-27T16:38:09","guid":{"rendered":"https:\/\/studiogriffintown.com\/?post_type=product&#038;p=8046"},"modified":"2026-02-11T14:28:45","modified_gmt":"2026-02-11T19:28:45","slug":"profoto-b30-airttl-500ws","status":"publish","type":"product","link":"https:\/\/studiogriffintown.com\/en\/produit\/profoto-b30-airttl-500ws\/","title":{"rendered":"Profoto B30 AirTTL  500Ws"},"content":{"rendered":"<ul>\n<li>\n<h6><span style=\"color: #ff0000;\"><strong>Includes 1x Head B30 Air 500Ws, 1x Battery, 1x Charger.<\/strong><\/span><\/h6>\n<\/li>\n<li id=\"tw-target-text\" class=\"tw-data-text tw-text-large tw-ta\" dir=\"ltr\" data-placeholder=\"Traduction\">\n<h6><span lang=\"en\">Flash recycling time \u2013 0.01-1.8s.<\/span><\/h6>\n<\/li>\n<li class=\"tw-data-text tw-text-large tw-ta\" dir=\"ltr\" data-placeholder=\"Traduction\">\n<h6><span lang=\"en\">Maximum continuous light output in lumens \u2013 5,000 lumens.<\/span><\/h6>\n<\/li>\n<li>\n<h6 id=\"tw-target-text\" class=\"tw-data-text tw-text-large tw-ta\" dir=\"ltr\" data-placeholder=\"Traduction\" data-ved=\"2ahUKEwjixcmPu6uPAxXPAHkGHapIMnIQ3ewLegQIChAV\" aria-label=\"Texte traduit\u00a0: Puissante lumi\u00e8re LED continue de 40 W avec luminosit\u00e9 et temp\u00e9rature de couleur r\u00e9glables\"><span class=\"Y2IQFc\" lang=\"fr\">Puissante lumi\u00e8re LED continue de 40 W avec luminosit\u00e9 et temp\u00e9rature de couleur r\u00e9glables<\/span><\/h6>\n<\/li>\n<li class=\"tw-data-text tw-text-large tw-ta\" dir=\"ltr\" data-placeholder=\"Traduction\">\n<h6><span lang=\"en\">Color temperature of continuous lighting \u2013 2,800-7,000K \u00b1 500K.<\/span><\/h6>\n<\/li>\n<li class=\"tw-data-text tw-text-large tw-ta\" dir=\"ltr\" data-placeholder=\"Traduction\">\n<h6><span lang=\"en\">Maximum battery capacity with continuous light \u2013 Up to 50 minutes.<\/span><\/h6>\n<\/li>\n<li>\n<h6>Syncro Flash \u2013 1 x 3.5mm socket ( mini phone)<\/h6>\n<\/li>\n<li class=\"tw-data-text tw-text-large tw-ta\" dir=\"ltr\" data-placeholder=\"Traduction\">\n<h6><span lang=\"en\">Battery charge time \u2013 Up to 90 minutes.<\/span><\/h6>\n<\/li>\n<li class=\"tw-data-text tw-text-large tw-ta\" dir=\"ltr\" data-placeholder=\"Traduction\">\n<h6><span lang=\"en\">AIR operation \u2013 Fully supports TTL and High Speed \u200b\u200bSync.<\/span><\/h6>\n<\/li>\n<li class=\"tw-data-text tw-text-large tw-ta\" dir=\"ltr\" data-placeholder=\"Traduction\">\n<h6><span lang=\"en\">Battery capacity \u2013 Up to 220 flashes at full power. <\/span><\/h6>\n<\/li>\n<li class=\"tw-data-text tw-text-large tw-ta\" dir=\"ltr\" data-placeholder=\"Traduction\">\n<h6><span lang=\"en\">Dimensions \u2013 Diameter 4.3 &#8220;(11cm) Length 10&#8221; (25.5cm).<\/span><\/h6>\n<\/li>\n<li class=\"tw-data-text tw-text-large tw-ta\" dir=\"ltr\" data-placeholder=\"Traduction\">\n<h6><span lang=\"en\">Weight \u2013 2.2 kg \/ 4.9 lbs (including battery and stand adapter)<\/span><\/h6>\n<\/li>\n<\/ul>\n<p><a href=\"https:\/\/www.profoto.com\/us\/en\/shop\/products\/lights\/monolights\/battery-powered\/profoto-b30\/#tab-specs\" target=\"_blank\" rel=\"noopener\">Click here for more info<\/a><\/p>\n","protected":false},"excerpt":{"rendered":"<p>Includes 1x Head B30 Air 500Ws, 1x Battery, 1x Charger. Flash recycling time \u2013 0.01-1.8s. Maximum continuous light output in lumens \u2013 5,000 lumens. Puissante lumi\u00e8re LED continue de 40 W avec luminosit\u00e9 et temp\u00e9rature de couleur r\u00e9glables Color temperature of continuous lighting \u2013 2,800-7,000K \u00b1 500K. Maximum battery capacity with continuous light \u2013 Up [&hellip;]<\/p>\n","protected":false},"featured_media":8048,"template":"","meta":{"_acf_changed":false,"_genesis_hide_title":false,"_genesis_hide_breadcrumbs":false,"_genesis_hide_singular_image":false,"_genesis_hide_footer_widgets":false,"_genesis_custom_body_class":"","_genesis_custom_post_class":"","_genesis_layout":""},"product_cat":[127,133],"product_tag":[],"class_list":{"0":"post-8046","1":"product","2":"type-product","3":"status-publish","4":"has-post-thumbnail","6":"product_cat-lighting","7":"product_cat-profoto-portable-flash","8":"entry","10":"first","11":"instock","12":"shipping-taxable","13":"purchasable","14":"product-type-simple"},"acf":[],"_links":{"self":[{"href":"https:\/\/studiogriffintown.com\/en\/wp-json\/wp\/v2\/product\/8046"}],"collection":[{"href":"https:\/\/studiogriffintown.com\/en\/wp-json\/wp\/v2\/product"}],"about":[{"href":"https:\/\/studiogriffintown.com\/en\/wp-json\/wp\/v2\/types\/product"}],"wp:featuredmedia":[{"embeddable":true,"href":"https:\/\/studiogriffintown.com\/en\/wp-json\/wp\/v2\/media\/8048"}],"wp:attachment":[{"href":"https:\/\/studiogriffintown.com\/en\/wp-json\/wp\/v2\/media?parent=8046"}],"wp:term":[{"taxonomy":"product_cat","embeddable":true,"href":"https:\/\/studiogriffintown.com\/en\/wp-json\/wp\/v2\/product_cat?post=8046"},{"taxonomy":"product_tag","embeddable":true,"href":"https:\/\/studiogriffintown.com\/en\/wp-json\/wp\/v2\/product_tag?post=8046"}],"curies":[{"name":"wp","href":"https:\/\/api.w.org\/{rel}","templated":true}]}}